{"id":19,"date":"2023-03-13T02:46:24","date_gmt":"2023-03-13T02:46:24","guid":{"rendered":"https:\/\/bemstar.life\/?page_id=19"},"modified":"2023-03-13T03:05:14","modified_gmt":"2023-03-13T03:05:14","slug":"sobre-nos","status":"publish","type":"page","link":"https:\/\/bemstar.life\/?page_id=19","title":{"rendered":"Sobre n\u00f3s"},"content":{"rendered":"\n<p>A nossa sa\u00fade \u00e9 o nosso maior tesouro e devemos cuidar dela diariamente para vivermos uma vida plena e feliz.<\/p>\n\n\n\n<p>Nosso objetivo \u00e9 inspirar e motivar as pessoas a adotarem h\u00e1bitos saud\u00e1veis em suas vidas di\u00e1rias, por meio de conte\u00fado informativo e inspirador sobre nutri\u00e7\u00e3o, exerc\u00edcios f\u00edsicos, bem-estar emocional e outros temas relacionados \u00e0 sa\u00fade.<\/p>\n\n\n\n<p>Trabalhamos para fornecer informa\u00e7\u00f5es precisas e confi\u00e1veis, com base em evid\u00eancias cient\u00edficas.<\/p>\n\n\n\n<blockquote class=\"wp-block-quote is-style-default is-layout-flow wp-block-quote-is-layout-flow\">\n<h2 class=\"has-text-align-left has-background-color has-text-color has-background has-medium-font-size wp-block-heading\" style=\"background-color:#f7a900\">Acreditamos que um estilo de vida saud\u00e1vel n\u00e3o \u00e9 apenas sobre comer alimentos nutritivos ou fazer exerc\u00edcios f\u00edsicos regulares. Tamb\u00e9m envolve encontrar equil\u00edbrio em todas as \u00e1reas da vida, incluindo o sono adequado, gerenciamento de estresse e relacionamentos saud\u00e1veis.<\/h2>\n<\/blockquote>\n\n\n\n<p>Estamos comprometidos em ajuda-los a adotarem um estilo de vida mais saud\u00e1vel e feliz. Esperamos que nosso conte\u00fado possa inspirar voc\u00ea a fazer escolhas mais saud\u00e1veis e viver sua melhor vida.<\/p>\n","protected":false},"excerpt":{"rendered":"<p>A nossa sa\u00fade \u00e9 o nosso maior tesouro e devemos cuidar dela diariamente para vivermos uma vida plena e feliz. Nosso objetivo \u00e9 inspirar e motivar as pessoas a adotarem h\u00e1bitos saud\u00e1veis em suas vidas di\u00e1rias, por meio de conte\u00fado informativo e inspirador sobre nutri\u00e7\u00e3o, exerc\u00edcios f\u00edsicos, bem-estar emocional e outros temas relacionados \u00e0 sa\u00fade. [&hellip;]<\/p>\n","protected":false},"author":1,"featured_media":0,"parent":0,"menu_order":0,"comment_status":"closed","ping_status":"closed","template":"","meta":{"advanced_seo_description":"","jetpack_seo_html_title":"","jetpack_seo_noindex":false,"footnotes":""},"class_list":["post-19","page","type-page","status-publish","hentry"],"jetpack_sharing_enabled":true,"jetpack-related-posts":[],"_links":{"self":[{"href":"https:\/\/bemstar.life\/index.php?rest_route=\/wp\/v2\/pages\/19","targetHints":{"allow":["GET"]}}],"collection":[{"href":"https:\/\/bemstar.life\/index.php?rest_route=\/wp\/v2\/pages"}],"about":[{"href":"https:\/\/bemstar.life\/index.php?rest_route=\/wp\/v2\/types\/page"}],"author":[{"embeddable":true,"href":"https:\/\/bemstar.life\/index.php?rest_route=\/wp\/v2\/users\/1"}],"replies":[{"embeddable":true,"href":"https:\/\/bemstar.life\/index.php?rest_route=%2Fwp%2Fv2%2Fcomments&post=19"}],"version-history":[{"count":9,"href":"https:\/\/bemstar.life\/index.php?rest_route=\/wp\/v2\/pages\/19\/revisions"}],"predecessor-version":[{"id":42,"href":"https:\/\/bemstar.life\/index.php?rest_route=\/wp\/v2\/pages\/19\/revisions\/42"}],"wp:attachment":[{"href":"https:\/\/bemstar.life\/index.php?rest_route=%2Fwp%2Fv2%2Fmedia&parent=19"}],"curies":[{"name":"wp","href":"https:\/\/api.w.org\/{rel}","templated":true}]}}